{"id":1309,"date":"2024-05-08T16:53:34","date_gmt":"2024-05-08T14:53:34","guid":{"rendered":"https:\/\/www.elite-lausanne.ch\/politique-de-confidentialite\/"},"modified":"2024-05-17T15:42:05","modified_gmt":"2024-05-17T13:42:05","slug":"datenschutzrichtlinie","status":"publish","type":"page","link":"https:\/\/www.elite-lausanne.ch\/de\/datenschutzrichtlinie\/","title":{"rendered":"Datenschutzrichtlinie"},"content":{"rendered":"\n<div class=\"wp-block-group is-layout-constrained wp-container-core-group-is-layout-80fb368b wp-block-group-is-layout-constrained\" style=\"padding-top:var(--wp--preset--spacing--30);padding-right:var(--wp--preset--spacing--30);padding-bottom:var(--wp--preset--spacing--30);padding-left:var(--wp--preset--spacing--30)\">\n<div style=\"height:130px\" aria-hidden=\"true\" class=\"wp-block-spacer  \"><\/div>\n\n\n\n<style>\n.masthead-header >.wp-block-hf-navigation{\nbackground-color: #1d2327 !important;\n}\n.bouton_retour_conditions_legales:hover{\n    cursor:pointer;\n}\n<\/style>\n<a href=\"\/de\" class=\"bouton_retour_conditions_legales\" style=\"background-color:black;color:white;padding:5px 10px 5px 10px;position:relative; !important;\"> < zur\u00fcck<\/a>\n\n\n\n<h1 class=\"c-heading wp-block-heading  \" style=\"margin-top:var(--wp--preset--spacing--20)\">Datenschutzrichtlinie<\/h1>\n\n\n\n<h2 class=\"c-heading wp-block-heading  \" style=\"padding-top:var(--wp--preset--spacing--30)\">Einleitung<\/h2>\n\n\n\n<p class=\"\">Hotel Elite SA ist um den Schutz und die Vertraulichkeit personenbezogener Daten besorgt und verpflichtet sich, ein H\u00f6chstma\u00df an Schutz f\u00fcr Ihre personenbezogenen Daten in \u00dcbereinstimmung mit den geltenden Vorschriften zum Schutz personenbezogener Daten zu gew\u00e4hrleisten.<\/p>\n\n\n\n<p class=\"\">Diese Datenschutzrichtlinie regelt die Nutzung unserer Website und Dienste. Es wird erl\u00e4utert, wie wir die personenbezogenen Daten, die Sie uns zur Verf\u00fcgung stellen, sammeln, verwenden, weitergeben und sch\u00fctzen. Au\u00dferdem werden Ihre Datenschutzrechte erl\u00e4utert und wie Sie diese Rechte aus\u00fcben k\u00f6nnen.<\/p>\n\n\n\n<h2 class=\"c-heading wp-block-heading  \" style=\"padding-top:var(--wp--preset--spacing--30)\">Gesammelte Daten<\/h2>\n\n\n\n<p class=\"\">Hotel Elite SA verarbeitet nur personenbezogene Daten, die f\u00fcr die oben beschriebenen Zwecke unbedingt erforderlich sind. Zus\u00e4tzlich zu den Informationen, die f\u00fcr die Begr\u00fcndung einer Beziehung erforderlich sind (wie Vor- und Nachname, E-Mail-Adresse usw.), werden Sie nur nach Informationen zu Ihrem Fachwissen, Ihren F\u00e4higkeiten oder Ihren beruflichen Perspektiven gefragt.<\/p>\n\n\n\n<h2 class=\"c-heading wp-block-heading  \" style=\"padding-top:var(--wp--preset--spacing--30)\">Die von Ihnen bereitgestellten Daten<\/h2>\n\n\n\n<p class=\"\">Die Daten, die wir verarbeiten, sind in erster Linie die Daten, die Sie uns \u00fcber unsere Anmeldeformulare zur Verf\u00fcgung stellen. Dazu geh\u00f6ren Ihre Identifikations- und Kontaktdaten.<\/p>\n\n\n\n<p class=\"\">Der obligatorische Charakter der erhobenen Daten wird zum Zeitpunkt der Erhebung durch eine Nachricht angegeben. Bestimmte Daten sind nur dann obligatorisch, wenn es f\u00fcr uns erforderlich ist, Ihre Anfrage zu bearbeiten, um Ihre Anfrage angemessen zu beantworten.<\/p>\n\n\n\n<p class=\"\">Wenn die obligatorischen Daten nicht bereitgestellt werden, k\u00f6nnen wir Ihnen den von Ihnen gew\u00fcnschten Service nicht erbringen.<\/p>\n\n\n\n<p class=\"\">Wir verarbeiten auch Daten, die Sie auf unsere Websites und Anwendungen hochladen. Wir fragen niemals nach sogenannten sensiblen Informationen (rassische oder ethnische Daten, politische Meinungen, religi\u00f6se oder philosophische Ansichten, Gewerkschaftszugeh\u00f6rigkeit, Gesundheit, sexuelle Orientierung). Wir empfehlen Ihnen nicht, solche Informationen bei der Nutzung unserer Dienste anzugeben.<\/p>\n\n\n\n<h2 class=\"c-heading wp-block-heading  \" style=\"padding-top:var(--wp--preset--spacing--30)\">Daten im Zusammenhang mit der Nutzung unserer Dienste<\/h2>\n\n\n\n<p class=\"\">Wenn Sie unsere Website besuchen oder unsere Dienste nutzen, k\u00f6nnen wir auch automatisch bestimmte Informationen erfassen, einschlie\u00dflich Ihrer IP-Adresse, des von Ihnen verwendeten Browsertyps, der von Ihnen besuchten Seiten, der Daten und Zeiten des Zugriffs und anderer Statistiken.<\/p>\n\n\n\n<h2 class=\"c-heading wp-block-heading  \" style=\"padding-top:var(--wp--preset--spacing--30)\">Verwendung der gesammelten Daten<\/h2>\n\n\n\n<p class=\"\">Wir verwenden Ihre personenbezogenen Daten, um unsere Website und Dienstleistungen bereitzustellen und zu verbessern, um Ihre Transaktionen zu verarbeiten, um Ihnen Updates zu senden, um auf Ihre Anfragen zu antworten, um Ihnen gezielte Werbung zu senden, um die Sicherheit unserer Website zu gew\u00e4hrleisten, um das Gesetz einzuhalten und f\u00fcr andere legitime Gesch\u00e4ftszwecke.<\/p>\n\n\n\n<h2 class=\"c-heading wp-block-heading  \" style=\"padding-top:var(--wp--preset--spacing--30)\">Weitergabe an Dienstleister<\/h2>\n\n\n\n<p class=\"\">Wir k\u00f6nnen Ihre personenbezogenen Daten an unsere Drittanbieter weitergeben, die uns bei der Bereitstellung unserer Website und Dienstleistungen unterst\u00fctzen. Diese Dienstleister sind nicht berechtigt, Ihre Daten f\u00fcr ihre eigenen Zwecke zu verwenden.<\/p>\n\n\n\n<h2 class=\"c-heading wp-block-heading  \" style=\"padding-top:var(--wp--preset--spacing--30)\">Freigabe f\u00fcr gesetzliche Anforderungen<\/h2>\n\n\n\n<p class=\"\">Wir k\u00f6nnen Ihre personenbezogenen Daten offenlegen, wenn wir gesetzlich dazu verpflichtet sind oder wenn wir in gutem Glauben davon ausgehen, dass eine solche Ma\u00dfnahme erforderlich ist, um das Gesetz einzuhalten, unsere Rechte oder unser Eigentum zu sch\u00fctzen oder die Sicherheit unserer Benutzer zu sch\u00fctzen.<\/p>\n\n\n\n<h2 class=\"c-heading wp-block-heading  \" style=\"padding-top:var(--wp--preset--spacing--30)\">Sicherheit der gesammelten Daten<\/h2>\n\n\n\n<p class=\"\">Hotel Elite SA verpflichtet sich zu einer angemessenen Sicherheitspolitik, die sich in einer logischen und physischen Sicherheitspolitik und Sicherheitsma\u00dfnahmen niederschl\u00e4gt, die speziell auf unsere Aktivit\u00e4ten zugeschnitten sind. An unseren Infrastrukturen werden verschiedene Audits durchgef\u00fchrt.<\/p>\n\n\n\n<p class=\"\">Die folgenden Grunds\u00e4tze regeln die Entwicklung unserer Websites und Anwendungen, sowohl in Bezug auf technische Infrastrukturen (sicheres redundantes Hosting, Sicherheits- und Zugriffskontrollrichtlinien) als auch auf Anwendungen (Entwicklung von Websites und Anwendungen):<\/p>\n\n\n\n<ul style=\"padding-top:var(--wp--preset--spacing--20);padding-right:var(--wp--preset--spacing--80);padding-left:var(--wp--preset--spacing--80)\" class=\"c-list wp-block-list\">\n<li class=\"\">Sichere Datenerfassung<\/li>\n\n\n\n<li class=\"\">Speicherung, die Datenintegrit\u00e4t und Vertraulichkeit garantiert<\/li>\n\n\n\n<li class=\"\">Sichere Entwicklungsumgebungen<\/li>\n\n\n\n<li class=\"\">Sicherer Datenzugriff<\/li>\n\n\n\n<li class=\"\">Regelm\u00e4\u00dfige Schulungen unserer technischen Teams<\/li>\n\n\n\n<li class=\"\">Freiwillige Begrenzung der Vergabe von Unterauftr\u00e4gen (Infrastruktur, Dienstleistungen und Entwicklung) und Eingriffe in anonymisierte Testdatens\u00e4tze<\/li>\n<\/ul>\n\n\n\n<h2 class=\"c-heading wp-block-heading  \" style=\"padding-top:var(--wp--preset--spacing--30)\">Ihre Rechte<\/h2>\n\n\n\n<p class=\"\">In \u00dcbereinstimmung mit den Vorschriften haben Sie das Recht, auf alle Sie betreffenden Daten zuzugreifen, sie zu berichtigen, zu l\u00f6schen, abzulehnen und zu \u00fcbertragen.<\/p>\n\n\n\n<p class=\"\">Sie haben auch das Recht, die Verarbeitung Ihrer personenbezogenen Daten einzuschr\u00e4nken. Sie haben auch das Recht, nicht Gegenstand einer Einzelentscheidung zu werden, die ausschlie\u00dflich auf einer automatisierten Verarbeitung, wie z. B. Profiling, beruht. Wenn Sie in die Verarbeitung personenbezogener Daten eingewilligt haben, k\u00f6nnen Sie Ihre Einwilligung jederzeit widerrufen.<\/p>\n\n\n\n<p class=\"\">Sie k\u00f6nnen diese Rechte kostenlos aus\u00fcben, mit Ausnahme derjenigen, die sich auf die \u00dcbermittlung der Anfrage beziehen, indem Sie uns unter den folgenden Adressen kontaktieren:<\/p>\n\n\n\n<ul style=\"padding-top:var(--wp--preset--spacing--20);padding-right:var(--wp--preset--spacing--80);padding-bottom:0;padding-left:var(--wp--preset--spacing--80)\" class=\"c-list wp-block-list\">\n<li class=\"\">per E-Mail: <a href=\"mailto:info@elite-lausanne.ch\">info@elite-lausanne.ch<\/a><\/li>\n\n\n\n<li class=\"\">per Post: H\u00d4TEL \u00c9LITE LAUSANNE, Av. Sainte-Luce 1, 1003 Lausanne, Schweiz<\/li>\n<\/ul>\n\n\n\n<h2 class=\"c-heading wp-block-heading  \" style=\"padding-top:var(--wp--preset--spacing--30)\">Kontakt<\/h2>\n\n\n\n<p style=\"margin-bottom:var(--wp--preset--spacing--30)\" class=\"\">Wenn Sie Fragen zu den Datenschutzbestimmungen des Hotel Elite Lausanne haben, kontaktieren Sie uns bitte unter folgender Adresse: H\u00d4TEL \u00c9LITE LAUSANNE, Avenue Sainte-Luce 1, 1003 Lausanne, Schweiz.<\/p>\n<\/div>\n","protected":false},"excerpt":{"rendered":"<p>< zur\u00fcck Datenschutzrichtlinie Einleitung Hotel Elite SA ist um den Schutz und die Vertraulichkeit personenbezogener Daten besorgt und verpflichtet sich, ein H\u00f6chstma\u00df an Schutz f\u00fcr Ihre personenbezogenen Daten in \u00dcbereinstimmung mit den geltenden Vorschriften zum Schutz personenbezogener Daten zu gew\u00e4hrleisten. Diese Datenschutzrichtlinie regelt die Nutzung unserer Website und Dienste. Es wird erl\u00e4utert, wie wir die [&hellip;]\n<\/p>\n","protected":false},"author":4,"featured_media":0,"parent":0,"menu_order":0,"comment_status":"closed","ping_status":"closed","template":"","meta":{"_acf_changed":false,"_habefastfse_class":"","footnotes":""},"class_list":["post-1309","page","type-page","status-publish","hentry"],"acf":[],"yoast_head":"<!-- This site is optimized with the Yoast SEO plugin v27.4 - https:\/\/yoast.com\/product\/yoast-seo-wordpress\/ -->\n<title>Datenschutzrichtlinie - Elite Lausanne<\/title>\n<meta name=\"robots\" content=\"noindex, nofollow\" \/>\n<meta property=\"og:locale\" content=\"de_DE\" \/>\n<meta property=\"og:type\" content=\"article\" \/>\n<meta property=\"og:title\" content=\"Datenschutzrichtlinie - Elite Lausanne\" \/>\n<meta property=\"og:description\" content=\"&lt; zur\u00fcck Datenschutzrichtlinie Einleitung Hotel Elite SA ist um den Schutz und die Vertraulichkeit personenbezogener Daten besorgt und verpflichtet sich, ein H\u00f6chstma\u00df an Schutz f\u00fcr Ihre personenbezogenen Daten in \u00dcbereinstimmung mit den geltenden Vorschriften zum Schutz personenbezogener Daten zu gew\u00e4hrleisten. Diese Datenschutzrichtlinie regelt die Nutzung unserer Website und Dienste. Es wird erl\u00e4utert, wie wir die [&hellip;]\" \/>\n<meta property=\"og:url\" content=\"https:\/\/www.elite-lausanne.ch\/de\/datenschutzrichtlinie\/\" \/>\n<meta property=\"og:site_name\" content=\"Elite Lausanne\" \/>\n<meta property=\"article:modified_time\" content=\"2024-05-17T13:42:05+00:00\" \/>\n<meta name=\"twitter:card\" content=\"summary_large_image\" \/>\n<meta name=\"twitter:label1\" content=\"Gesch\u00e4tzte Lesezeit\" \/>\n\t<meta name=\"twitter:data1\" content=\"4\u00a0Minuten\" \/>\n<script type=\"application\/ld+json\" class=\"yoast-schema-graph\">{\"@context\":\"https:\\\/\\\/schema.org\",\"@graph\":[{\"@type\":\"WebPage\",\"@id\":\"https:\\\/\\\/www.elite-lausanne.ch\\\/de\\\/datenschutzrichtlinie\\\/\",\"url\":\"https:\\\/\\\/www.elite-lausanne.ch\\\/de\\\/datenschutzrichtlinie\\\/\",\"name\":\"Datenschutzrichtlinie - Elite Lausanne\",\"isPartOf\":{\"@id\":\"https:\\\/\\\/www.elite-lausanne.ch\\\/de\\\/#website\"},\"datePublished\":\"2024-05-08T14:53:34+00:00\",\"dateModified\":\"2024-05-17T13:42:05+00:00\",\"breadcrumb\":{\"@id\":\"https:\\\/\\\/www.elite-lausanne.ch\\\/de\\\/datenschutzrichtlinie\\\/#breadcrumb\"},\"inLanguage\":\"de\",\"potentialAction\":[{\"@type\":\"ReadAction\",\"target\":[\"https:\\\/\\\/www.elite-lausanne.ch\\\/de\\\/datenschutzrichtlinie\\\/\"]}]},{\"@type\":\"BreadcrumbList\",\"@id\":\"https:\\\/\\\/www.elite-lausanne.ch\\\/de\\\/datenschutzrichtlinie\\\/#breadcrumb\",\"itemListElement\":[{\"@type\":\"ListItem\",\"position\":1,\"name\":\"Accueil\",\"item\":\"https:\\\/\\\/www.elite-lausanne.ch\\\/de\\\/\"},{\"@type\":\"ListItem\",\"position\":2,\"name\":\"Datenschutzrichtlinie\"}]},{\"@type\":\"WebSite\",\"@id\":\"https:\\\/\\\/www.elite-lausanne.ch\\\/de\\\/#website\",\"url\":\"https:\\\/\\\/www.elite-lausanne.ch\\\/de\\\/\",\"name\":\"Elite Lausanne\",\"description\":\"\",\"publisher\":{\"@id\":\"https:\\\/\\\/www.elite-lausanne.ch\\\/de\\\/#organization\"},\"potentialAction\":[{\"@type\":\"SearchAction\",\"target\":{\"@type\":\"EntryPoint\",\"urlTemplate\":\"https:\\\/\\\/www.elite-lausanne.ch\\\/de\\\/?s={search_term_string}\"},\"query-input\":{\"@type\":\"PropertyValueSpecification\",\"valueRequired\":true,\"valueName\":\"search_term_string\"}}],\"inLanguage\":\"de\"},{\"@type\":\"Organization\",\"@id\":\"https:\\\/\\\/www.elite-lausanne.ch\\\/de\\\/#organization\",\"name\":\"Elite Lausanne\",\"url\":\"https:\\\/\\\/www.elite-lausanne.ch\\\/de\\\/\",\"logo\":{\"@type\":\"ImageObject\",\"inLanguage\":\"de\",\"@id\":\"https:\\\/\\\/www.elite-lausanne.ch\\\/de\\\/#\\\/schema\\\/logo\\\/image\\\/\",\"url\":\"https:\\\/\\\/www.elite-lausanne.ch\\\/wp-content\\\/uploads\\\/2024\\\/05\\\/hotel-elite-lausanne-logo-menu@3x.png\",\"contentUrl\":\"https:\\\/\\\/www.elite-lausanne.ch\\\/wp-content\\\/uploads\\\/2024\\\/05\\\/hotel-elite-lausanne-logo-menu@3x.png\",\"width\":330,\"height\":330,\"caption\":\"Elite Lausanne\"},\"image\":{\"@id\":\"https:\\\/\\\/www.elite-lausanne.ch\\\/de\\\/#\\\/schema\\\/logo\\\/image\\\/\"}}]}<\/script>\n<!-- \/ Yoast SEO plugin. -->","yoast_head_json":{"title":"Datenschutzrichtlinie - Elite Lausanne","robots":{"index":"noindex","follow":"nofollow"},"og_locale":"de_DE","og_type":"article","og_title":"Datenschutzrichtlinie - Elite Lausanne","og_description":"< zur\u00fcck Datenschutzrichtlinie Einleitung Hotel Elite SA ist um den Schutz und die Vertraulichkeit personenbezogener Daten besorgt und verpflichtet sich, ein H\u00f6chstma\u00df an Schutz f\u00fcr Ihre personenbezogenen Daten in \u00dcbereinstimmung mit den geltenden Vorschriften zum Schutz personenbezogener Daten zu gew\u00e4hrleisten. Diese Datenschutzrichtlinie regelt die Nutzung unserer Website und Dienste. Es wird erl\u00e4utert, wie wir die [&hellip;]","og_url":"https:\/\/www.elite-lausanne.ch\/de\/datenschutzrichtlinie\/","og_site_name":"Elite Lausanne","article_modified_time":"2024-05-17T13:42:05+00:00","twitter_card":"summary_large_image","twitter_misc":{"Gesch\u00e4tzte Lesezeit":"4\u00a0Minuten"},"schema":{"@context":"https:\/\/schema.org","@graph":[{"@type":"WebPage","@id":"https:\/\/www.elite-lausanne.ch\/de\/datenschutzrichtlinie\/","url":"https:\/\/www.elite-lausanne.ch\/de\/datenschutzrichtlinie\/","name":"Datenschutzrichtlinie - Elite Lausanne","isPartOf":{"@id":"https:\/\/www.elite-lausanne.ch\/de\/#website"},"datePublished":"2024-05-08T14:53:34+00:00","dateModified":"2024-05-17T13:42:05+00:00","breadcrumb":{"@id":"https:\/\/www.elite-lausanne.ch\/de\/datenschutzrichtlinie\/#breadcrumb"},"inLanguage":"de","potentialAction":[{"@type":"ReadAction","target":["https:\/\/www.elite-lausanne.ch\/de\/datenschutzrichtlinie\/"]}]},{"@type":"BreadcrumbList","@id":"https:\/\/www.elite-lausanne.ch\/de\/datenschutzrichtlinie\/#breadcrumb","itemListElement":[{"@type":"ListItem","position":1,"name":"Accueil","item":"https:\/\/www.elite-lausanne.ch\/de\/"},{"@type":"ListItem","position":2,"name":"Datenschutzrichtlinie"}]},{"@type":"WebSite","@id":"https:\/\/www.elite-lausanne.ch\/de\/#website","url":"https:\/\/www.elite-lausanne.ch\/de\/","name":"Elite Lausanne","description":"","publisher":{"@id":"https:\/\/www.elite-lausanne.ch\/de\/#organization"},"potentialAction":[{"@type":"SearchAction","target":{"@type":"EntryPoint","urlTemplate":"https:\/\/www.elite-lausanne.ch\/de\/?s={search_term_string}"},"query-input":{"@type":"PropertyValueSpecification","valueRequired":true,"valueName":"search_term_string"}}],"inLanguage":"de"},{"@type":"Organization","@id":"https:\/\/www.elite-lausanne.ch\/de\/#organization","name":"Elite Lausanne","url":"https:\/\/www.elite-lausanne.ch\/de\/","logo":{"@type":"ImageObject","inLanguage":"de","@id":"https:\/\/www.elite-lausanne.ch\/de\/#\/schema\/logo\/image\/","url":"https:\/\/www.elite-lausanne.ch\/wp-content\/uploads\/2024\/05\/hotel-elite-lausanne-logo-menu@3x.png","contentUrl":"https:\/\/www.elite-lausanne.ch\/wp-content\/uploads\/2024\/05\/hotel-elite-lausanne-logo-menu@3x.png","width":330,"height":330,"caption":"Elite Lausanne"},"image":{"@id":"https:\/\/www.elite-lausanne.ch\/de\/#\/schema\/logo\/image\/"}}]}},"_links":{"self":[{"href":"https:\/\/www.elite-lausanne.ch\/de\/wp-json\/wp\/v2\/pages\/1309","targetHints":{"allow":["GET"]}}],"collection":[{"href":"https:\/\/www.elite-lausanne.ch\/de\/wp-json\/wp\/v2\/pages"}],"about":[{"href":"https:\/\/www.elite-lausanne.ch\/de\/wp-json\/wp\/v2\/types\/page"}],"author":[{"embeddable":true,"href":"https:\/\/www.elite-lausanne.ch\/de\/wp-json\/wp\/v2\/users\/4"}],"replies":[{"embeddable":true,"href":"https:\/\/www.elite-lausanne.ch\/de\/wp-json\/wp\/v2\/comments?post=1309"}],"version-history":[{"count":5,"href":"https:\/\/www.elite-lausanne.ch\/de\/wp-json\/wp\/v2\/pages\/1309\/revisions"}],"predecessor-version":[{"id":1380,"href":"https:\/\/www.elite-lausanne.ch\/de\/wp-json\/wp\/v2\/pages\/1309\/revisions\/1380"}],"wp:attachment":[{"href":"https:\/\/www.elite-lausanne.ch\/de\/wp-json\/wp\/v2\/media?parent=1309"}],"curies":[{"name":"wp","href":"https:\/\/api.w.org\/{rel}","templated":true}]}}